{"id":3153,"date":"2019-03-10T22:10:15","date_gmt":"2019-03-10T21:10:15","guid":{"rendered":"http:\/\/www.plochadraha-koprivnice.org\/?page_id=3153"},"modified":"2025-01-28T08:49:05","modified_gmt":"2025-01-28T07:49:05","slug":"o-nas","status":"publish","type":"page","link":"http:\/\/www.plochadraha-koprivnice.org\/?page_id=3153","title":{"rendered":"O n\u00e1s"},"content":{"rendered":"\n<p><strong>P\u0159edseda klubu:<\/strong><br><strong>Richard DUFEK<\/strong><br>tel: +420 739 548 720<br>e-mail: <a href=\"mailto:richard.dufek@centrum.cz\">richard.dufek@centrum.cz<\/a><\/p>\n\n\n\n<p><strong>Ostatn\u00ed \u010dlenov\u00e9 v\u00fdboru:<\/strong><br>Eduard Kuta\u010d<br>Vladim\u00edr Kov\u00e1\u0159<br>Luk\u00e1\u0161 Sazovsk\u00fd<br>Miroslav K\u0159enek st.<br>Karel Marek<\/p>\n\n\n\n<p><strong>Jezdci:<\/strong><br>Jan Macek<br>Radek Bambuch<br>Miroslav V\u00edtek<br>Roman Marek (Flattrack)<br>Karel Marek (Flattrack)<\/p>\n\n\n\n<p class=\"has-white-background-color has-background\"><strong>Dal\u0161\u00ed \u010dlenov\u00e9:<\/strong><br>Kate\u0159ina Kov\u00e1\u0159ov\u00e1, Petra Dufkov\u00e1, Robert K\u00f6ller, Miroslav K\u0159enek st, Jarom\u00edr Lach, Vladim\u00edr Paiger,\u00a0Svatava Veselkov\u00e1, Petr Macek, Jakub T\u011b\u017ek\u00fd, Zden\u011bk Matula, Michal Kv\u00ed\u010dala, Helena Matulov\u00e1, Martin Matula, Miroslav Hor\u00e1k, Pavel Mynar\u010d\u00edk, Jakub Finger, Petr Dvo\u0159\u00e1k, Martin Hyvnar, Michal Hidalgo<\/p>\n\n\n<p><!--EndFragment--><\/p>","protected":false},"excerpt":{"rendered":"<p>P\u0159edseda klubu:Richard DUFEKtel: +420 739 548 720e-mail: richard.dufek@centrum.cz Ostatn\u00ed \u010dlenov\u00e9 v\u00fdboru:Eduard Kuta\u010dVladim\u00edr Kov\u00e1\u0159Luk\u00e1\u0161 Sazovsk\u00fdMiroslav K\u0159enek st.Karel Marek Jezdci:Jan MacekRadek BambuchMiroslav V\u00edtekRoman Marek (Flattrack)Karel Marek (Flattrack)&hellip;<\/p>\n","protected":false},"author":1,"featured_media":0,"parent":0,"menu_order":5,"comment_status":"closed","ping_status":"closed","template":"","meta":{"ngg_post_thumbnail":0,"footnotes":""},"class_list":["post-3153","page","type-page","status-publish","hentry"],"yoast_head":"<!-- This site is optimized with the Yoast SEO plugin v27.4 - https:\/\/yoast.com\/product\/yoast-seo-wordpress\/ -->\n<title>O n\u00e1s - AK PLOCH\u00c1 DR\u00c1HA KOP\u0158IVNICE<\/title>\n<meta name=\"robots\" content=\"index, follow, max-snippet:-1, max-image-preview:large, max-video-preview:-1\" \/>\n<link rel=\"canonical\" href=\"http:\/\/www.plochadraha-koprivnice.org\/?page_id=3153\" \/>\n<meta property=\"og:locale\" content=\"cs_CZ\" \/>\n<meta property=\"og:type\" content=\"article\" \/>\n<meta property=\"og:title\" content=\"O n\u00e1s - AK PLOCH\u00c1 DR\u00c1HA KOP\u0158IVNICE\" \/>\n<meta property=\"og:description\" content=\"P\u0159edseda klubu:Richard DUFEKtel: +420 739 548 720e-mail: richard.dufek@centrum.cz Ostatn\u00ed \u010dlenov\u00e9 v\u00fdboru:Eduard Kuta\u010dVladim\u00edr Kov\u00e1\u0159Luk\u00e1\u0161 Sazovsk\u00fdMiroslav K\u0159enek st.Karel Marek Jezdci:Jan MacekRadek BambuchMiroslav V\u00edtekRoman Marek (Flattrack)Karel Marek (Flattrack)&hellip;\" \/>\n<meta property=\"og:url\" content=\"http:\/\/www.plochadraha-koprivnice.org\/?page_id=3153\" \/>\n<meta property=\"og:site_name\" content=\"AK PLOCH\u00c1 DR\u00c1HA KOP\u0158IVNICE\" \/>\n<meta property=\"article:publisher\" content=\"https:\/\/www.facebook.com\/profile.php?id=100063655265650\" \/>\n<meta property=\"article:modified_time\" content=\"2025-01-28T07:49:05+00:00\" \/>\n<meta name=\"twitter:card\" content=\"summary_large_image\" \/>\n<meta name=\"twitter:label1\" content=\"Odhadovan\u00e1 doba \u010dten\u00ed\" \/>\n\t<meta name=\"twitter:data1\" content=\"1 minuta\" \/>\n<script type=\"application\/ld+json\" class=\"yoast-schema-graph\">{\"@context\":\"https:\\\/\\\/schema.org\",\"@graph\":[{\"@type\":\"WebPage\",\"@id\":\"http:\\\/\\\/www.plochadraha-koprivnice.org\\\/?page_id=3153\",\"url\":\"http:\\\/\\\/www.plochadraha-koprivnice.org\\\/?page_id=3153\",\"name\":\"O n\u00e1s - AK PLOCH\u00c1 DR\u00c1HA KOP\u0158IVNICE\",\"isPartOf\":{\"@id\":\"https:\\\/\\\/www.plochadraha-koprivnice.org\\\/#website\"},\"datePublished\":\"2019-03-10T21:10:15+00:00\",\"dateModified\":\"2025-01-28T07:49:05+00:00\",\"breadcrumb\":{\"@id\":\"http:\\\/\\\/www.plochadraha-koprivnice.org\\\/?page_id=3153#breadcrumb\"},\"inLanguage\":\"cs\",\"potentialAction\":[{\"@type\":\"ReadAction\",\"target\":[\"http:\\\/\\\/www.plochadraha-koprivnice.org\\\/?page_id=3153\"]}]},{\"@type\":\"BreadcrumbList\",\"@id\":\"http:\\\/\\\/www.plochadraha-koprivnice.org\\\/?page_id=3153#breadcrumb\",\"itemListElement\":[{\"@type\":\"ListItem\",\"position\":1,\"name\":\"Dom\u016f\",\"item\":\"https:\\\/\\\/www.plochadraha-koprivnice.org\\\/\"},{\"@type\":\"ListItem\",\"position\":2,\"name\":\"O n\u00e1s\"}]},{\"@type\":\"WebSite\",\"@id\":\"https:\\\/\\\/www.plochadraha-koprivnice.org\\\/#website\",\"url\":\"https:\\\/\\\/www.plochadraha-koprivnice.org\\\/\",\"name\":\"AK PLOCH\u00c1 DR\u00c1HA KOP\u0158IVNICE\",\"description\":\"Ofici\u00e1ln\u00ed str\u00e1nky kop\u0159ivnick\u00e9 ploch\u00e9 dr\u00e1hy\",\"publisher\":{\"@id\":\"https:\\\/\\\/www.plochadraha-koprivnice.org\\\/#organization\"},\"potentialAction\":[{\"@type\":\"SearchAction\",\"target\":{\"@type\":\"EntryPoint\",\"urlTemplate\":\"https:\\\/\\\/www.plochadraha-koprivnice.org\\\/?s={search_term_string}\"},\"query-input\":{\"@type\":\"PropertyValueSpecification\",\"valueRequired\":true,\"valueName\":\"search_term_string\"}}],\"inLanguage\":\"cs\"},{\"@type\":\"Organization\",\"@id\":\"https:\\\/\\\/www.plochadraha-koprivnice.org\\\/#organization\",\"name\":\"AKPD Kop\u0159ivnice\",\"url\":\"https:\\\/\\\/www.plochadraha-koprivnice.org\\\/\",\"logo\":{\"@type\":\"ImageObject\",\"inLanguage\":\"cs\",\"@id\":\"https:\\\/\\\/www.plochadraha-koprivnice.org\\\/#\\\/schema\\\/logo\\\/image\\\/\",\"url\":\"http:\\\/\\\/www.plochadraha-koprivnice.org\\\/wp-content\\\/uploads\\\/2026\\\/04\\\/logo-velke-cervene-pruhledne-pozadi-scaled.png\",\"contentUrl\":\"http:\\\/\\\/www.plochadraha-koprivnice.org\\\/wp-content\\\/uploads\\\/2026\\\/04\\\/logo-velke-cervene-pruhledne-pozadi-scaled.png\",\"width\":2560,\"height\":2560,\"caption\":\"AKPD Kop\u0159ivnice\"},\"image\":{\"@id\":\"https:\\\/\\\/www.plochadraha-koprivnice.org\\\/#\\\/schema\\\/logo\\\/image\\\/\"},\"sameAs\":[\"https:\\\/\\\/www.facebook.com\\\/profile.php?id=100063655265650\",\"https:\\\/\\\/www.instagram.com\\\/ak.plocha.draha.koprivnice\\\/\"]}]}<\/script>\n<!-- \/ Yoast SEO plugin. -->","yoast_head_json":{"title":"O n\u00e1s - AK PLOCH\u00c1 DR\u00c1HA KOP\u0158IVNICE","robots":{"index":"index","follow":"follow","max-snippet":"max-snippet:-1","max-image-preview":"max-image-preview:large","max-video-preview":"max-video-preview:-1"},"canonical":"http:\/\/www.plochadraha-koprivnice.org\/?page_id=3153","og_locale":"cs_CZ","og_type":"article","og_title":"O n\u00e1s - AK PLOCH\u00c1 DR\u00c1HA KOP\u0158IVNICE","og_description":"P\u0159edseda klubu:Richard DUFEKtel: +420 739 548 720e-mail: richard.dufek@centrum.cz Ostatn\u00ed \u010dlenov\u00e9 v\u00fdboru:Eduard Kuta\u010dVladim\u00edr Kov\u00e1\u0159Luk\u00e1\u0161 Sazovsk\u00fdMiroslav K\u0159enek st.Karel Marek Jezdci:Jan MacekRadek BambuchMiroslav V\u00edtekRoman Marek (Flattrack)Karel Marek (Flattrack)&hellip;","og_url":"http:\/\/www.plochadraha-koprivnice.org\/?page_id=3153","og_site_name":"AK PLOCH\u00c1 DR\u00c1HA KOP\u0158IVNICE","article_publisher":"https:\/\/www.facebook.com\/profile.php?id=100063655265650","article_modified_time":"2025-01-28T07:49:05+00:00","twitter_card":"summary_large_image","twitter_misc":{"Odhadovan\u00e1 doba \u010dten\u00ed":"1 minuta"},"schema":{"@context":"https:\/\/schema.org","@graph":[{"@type":"WebPage","@id":"http:\/\/www.plochadraha-koprivnice.org\/?page_id=3153","url":"http:\/\/www.plochadraha-koprivnice.org\/?page_id=3153","name":"O n\u00e1s - AK PLOCH\u00c1 DR\u00c1HA KOP\u0158IVNICE","isPartOf":{"@id":"https:\/\/www.plochadraha-koprivnice.org\/#website"},"datePublished":"2019-03-10T21:10:15+00:00","dateModified":"2025-01-28T07:49:05+00:00","breadcrumb":{"@id":"http:\/\/www.plochadraha-koprivnice.org\/?page_id=3153#breadcrumb"},"inLanguage":"cs","potentialAction":[{"@type":"ReadAction","target":["http:\/\/www.plochadraha-koprivnice.org\/?page_id=3153"]}]},{"@type":"BreadcrumbList","@id":"http:\/\/www.plochadraha-koprivnice.org\/?page_id=3153#breadcrumb","itemListElement":[{"@type":"ListItem","position":1,"name":"Dom\u016f","item":"https:\/\/www.plochadraha-koprivnice.org\/"},{"@type":"ListItem","position":2,"name":"O n\u00e1s"}]},{"@type":"WebSite","@id":"https:\/\/www.plochadraha-koprivnice.org\/#website","url":"https:\/\/www.plochadraha-koprivnice.org\/","name":"AK PLOCH\u00c1 DR\u00c1HA KOP\u0158IVNICE","description":"Ofici\u00e1ln\u00ed str\u00e1nky kop\u0159ivnick\u00e9 ploch\u00e9 dr\u00e1hy","publisher":{"@id":"https:\/\/www.plochadraha-koprivnice.org\/#organization"},"potentialAction":[{"@type":"SearchAction","target":{"@type":"EntryPoint","urlTemplate":"https:\/\/www.plochadraha-koprivnice.org\/?s={search_term_string}"},"query-input":{"@type":"PropertyValueSpecification","valueRequired":true,"valueName":"search_term_string"}}],"inLanguage":"cs"},{"@type":"Organization","@id":"https:\/\/www.plochadraha-koprivnice.org\/#organization","name":"AKPD Kop\u0159ivnice","url":"https:\/\/www.plochadraha-koprivnice.org\/","logo":{"@type":"ImageObject","inLanguage":"cs","@id":"https:\/\/www.plochadraha-koprivnice.org\/#\/schema\/logo\/image\/","url":"http:\/\/www.plochadraha-koprivnice.org\/wp-content\/uploads\/2026\/04\/logo-velke-cervene-pruhledne-pozadi-scaled.png","contentUrl":"http:\/\/www.plochadraha-koprivnice.org\/wp-content\/uploads\/2026\/04\/logo-velke-cervene-pruhledne-pozadi-scaled.png","width":2560,"height":2560,"caption":"AKPD Kop\u0159ivnice"},"image":{"@id":"https:\/\/www.plochadraha-koprivnice.org\/#\/schema\/logo\/image\/"},"sameAs":["https:\/\/www.facebook.com\/profile.php?id=100063655265650","https:\/\/www.instagram.com\/ak.plocha.draha.koprivnice\/"]}]}},"_links":{"self":[{"href":"http:\/\/www.plochadraha-koprivnice.org\/index.php?rest_route=\/wp\/v2\/pages\/3153","targetHints":{"allow":["GET"]}}],"collection":[{"href":"http:\/\/www.plochadraha-koprivnice.org\/index.php?rest_route=\/wp\/v2\/pages"}],"about":[{"href":"http:\/\/www.plochadraha-koprivnice.org\/index.php?rest_route=\/wp\/v2\/types\/page"}],"author":[{"embeddable":true,"href":"http:\/\/www.plochadraha-koprivnice.org\/index.php?rest_route=\/wp\/v2\/users\/1"}],"replies":[{"embeddable":true,"href":"http:\/\/www.plochadraha-koprivnice.org\/index.php?rest_route=%2Fwp%2Fv2%2Fcomments&post=3153"}],"version-history":[{"count":11,"href":"http:\/\/www.plochadraha-koprivnice.org\/index.php?rest_route=\/wp\/v2\/pages\/3153\/revisions"}],"predecessor-version":[{"id":4637,"href":"http:\/\/www.plochadraha-koprivnice.org\/index.php?rest_route=\/wp\/v2\/pages\/3153\/revisions\/4637"}],"wp:attachment":[{"href":"http:\/\/www.plochadraha-koprivnice.org\/index.php?rest_route=%2Fwp%2Fv2%2Fmedia&parent=3153"}],"curies":[{"name":"wp","href":"https:\/\/api.w.org\/{rel}","templated":true}]}}